{"id":2935,"date":"2017-02-10T11:35:51","date_gmt":"2017-02-10T11:35:51","guid":{"rendered":"http:\/\/localhost:8000\/eventos\/"},"modified":"2020-05-29T18:08:25","modified_gmt":"2020-05-29T18:08:25","slug":"apademar-events","status":"publish","type":"page","link":"https:\/\/www.apademar.org\/en\/apademar-events\/","title":{"rendered":"Events"},"content":{"rendered":"<div class=\"wpb-content-wrapper\"><p>[vc_row css=&#8221;.vc_custom_1589309874796{margin-bottom: 50px !important;padding-top: 60px !important;padding-bottom: 40px !important;}&#8221;][vc_column][vc_custom_heading text=&#8221;Events&#8221; font_container=&#8221;tag:h1|text_align:left&#8221; use_theme_fonts=&#8221;yes&#8221; el_class=&#8221;text-uppercase&#8221;][stm_events events_filter=&#8221;all&#8221; category=&#8221;eventos&#8221; posts_per_page=&#8221;9&#8243; posts_per_row=&#8221;3&#8243; pagination_enable=&#8221;true&#8221;][\/vc_column][\/vc_row]<\/p>\n<\/div>","protected":false},"excerpt":{"rendered":"<p>[vc_row css=&#8221;.vc_custom_1589309874796{margin-bottom: 50px !important;padding-top: 60px !important;padding-bottom: 40px !important;}&#8221;][vc_column][vc_custom_heading text=&#8221;Events&#8221; font_container=&#8221;tag:h1|text_align:left&#8221; use_theme_fonts=&#8221;yes&#8221; el_class=&#8221;text-uppercase&#8221;][stm_events events_filter=&#8221;all&#8221; category=&#8221;eventos&#8221; posts_per_page=&#8221;9&#8243; posts_per_row=&#8221;3&#8243; pagination_enable=&#8221;true&#8221;][\/vc_column][\/vc_row]<\/p>\n","protected":false},"author":1,"featured_media":0,"parent":0,"menu_order":0,"comment_status":"closed","ping_status":"closed","template":"","meta":{"footnotes":""},"class_list":["post-2935","page","type-page","status-publish","hentry"],"yoast_head":"<!-- This site is optimized with the Yoast SEO plugin v26.6 - https:\/\/yoast.com\/wordpress\/plugins\/seo\/ -->\n<title>Events - Apademar<\/title>\n<meta name=\"description\" content=\"La Asociaci\u00f3n Paname\u00f1a de Derecho Mar\u00edtimo (APADEMAR) es una asociaci\u00f3n sin fines de lucro que agrupa, entre otros, a los profesionales del derecho que ejercen dentro del campo de derecho mar\u00edtimo.\" \/>\n<meta name=\"robots\" content=\"index, follow, max-snippet:-1, max-image-preview:large, max-video-preview:-1\" \/>\n<link rel=\"canonical\" href=\"https:\/\/www.apademar.org\/en\/apademar-events\/\" \/>\n<meta property=\"og:locale\" content=\"en_US\" \/>\n<meta property=\"og:type\" content=\"article\" \/>\n<meta property=\"og:title\" content=\"Events - Apademar\" \/>\n<meta property=\"og:description\" content=\"La Asociaci\u00f3n Paname\u00f1a de Derecho Mar\u00edtimo (APADEMAR) es una asociaci\u00f3n sin fines de lucro que agrupa, entre otros, a los profesionales del derecho que ejercen dentro del campo de derecho mar\u00edtimo.\" \/>\n<meta property=\"og:url\" content=\"https:\/\/www.apademar.org\/en\/apademar-events\/\" \/>\n<meta property=\"og:site_name\" content=\"Apademar\" \/>\n<meta property=\"article:modified_time\" content=\"2020-05-29T18:08:25+00:00\" \/>\n<meta name=\"twitter:card\" content=\"summary_large_image\" \/>\n<script type=\"application\/ld+json\" class=\"yoast-schema-graph\">{\"@context\":\"https:\/\/schema.org\",\"@graph\":[{\"@type\":\"WebPage\",\"@id\":\"https:\/\/www.apademar.org\/en\/apademar-events\/\",\"url\":\"https:\/\/www.apademar.org\/en\/apademar-events\/\",\"name\":\"Events - Apademar\",\"isPartOf\":{\"@id\":\"\/#website\"},\"datePublished\":\"2017-02-10T11:35:51+00:00\",\"dateModified\":\"2020-05-29T18:08:25+00:00\",\"description\":\"La Asociaci\u00f3n Paname\u00f1a de Derecho Mar\u00edtimo (APADEMAR) es una asociaci\u00f3n sin fines de lucro que agrupa, entre otros, a los profesionales del derecho que ejercen dentro del campo de derecho mar\u00edtimo.\",\"breadcrumb\":{\"@id\":\"https:\/\/www.apademar.org\/en\/apademar-events\/#breadcrumb\"},\"inLanguage\":\"en-US\",\"potentialAction\":[{\"@type\":\"ReadAction\",\"target\":[\"https:\/\/www.apademar.org\/en\/apademar-events\/\"]}]},{\"@type\":\"BreadcrumbList\",\"@id\":\"https:\/\/www.apademar.org\/en\/apademar-events\/#breadcrumb\",\"itemListElement\":[{\"@type\":\"ListItem\",\"position\":1,\"name\":\"Portada\",\"item\":\"https:\/\/apademar.org\/en\/\"},{\"@type\":\"ListItem\",\"position\":2,\"name\":\"Events\"}]},{\"@type\":\"WebSite\",\"@id\":\"\/#website\",\"url\":\"\/\",\"name\":\"Apademar\",\"description\":\"\",\"publisher\":{\"@id\":\"\/#organization\"},\"potentialAction\":[{\"@type\":\"SearchAction\",\"target\":{\"@type\":\"EntryPoint\",\"urlTemplate\":\"\/?s={search_term_string}\"},\"query-input\":{\"@type\":\"PropertyValueSpecification\",\"valueRequired\":true,\"valueName\":\"search_term_string\"}}],\"inLanguage\":\"en-US\"},{\"@type\":\"Organization\",\"@id\":\"\/#organization\",\"name\":\"Apademar\",\"url\":\"\/\",\"logo\":{\"@type\":\"ImageObject\",\"inLanguage\":\"en-US\",\"@id\":\"\/#\/schema\/logo\/image\/\",\"url\":\"http:\/\/apademar.org\/wp-content\/uploads\/2020\/05\/logo.png\",\"contentUrl\":\"http:\/\/apademar.org\/wp-content\/uploads\/2020\/05\/logo.png\",\"width\":289,\"height\":263,\"caption\":\"Apademar\"},\"image\":{\"@id\":\"\/#\/schema\/logo\/image\/\"}}]}<\/script>\n<!-- \/ Yoast SEO plugin. -->","yoast_head_json":{"title":"Events - Apademar","description":"La Asociaci\u00f3n Paname\u00f1a de Derecho Mar\u00edtimo (APADEMAR) es una asociaci\u00f3n sin fines de lucro que agrupa, entre otros, a los profesionales del derecho que ejercen dentro del campo de derecho mar\u00edtimo.","robots":{"index":"index","follow":"follow","max-snippet":"max-snippet:-1","max-image-preview":"max-image-preview:large","max-video-preview":"max-video-preview:-1"},"canonical":"https:\/\/www.apademar.org\/en\/apademar-events\/","og_locale":"en_US","og_type":"article","og_title":"Events - Apademar","og_description":"La Asociaci\u00f3n Paname\u00f1a de Derecho Mar\u00edtimo (APADEMAR) es una asociaci\u00f3n sin fines de lucro que agrupa, entre otros, a los profesionales del derecho que ejercen dentro del campo de derecho mar\u00edtimo.","og_url":"https:\/\/www.apademar.org\/en\/apademar-events\/","og_site_name":"Apademar","article_modified_time":"2020-05-29T18:08:25+00:00","twitter_card":"summary_large_image","schema":{"@context":"https:\/\/schema.org","@graph":[{"@type":"WebPage","@id":"https:\/\/www.apademar.org\/en\/apademar-events\/","url":"https:\/\/www.apademar.org\/en\/apademar-events\/","name":"Events - Apademar","isPartOf":{"@id":"\/#website"},"datePublished":"2017-02-10T11:35:51+00:00","dateModified":"2020-05-29T18:08:25+00:00","description":"La Asociaci\u00f3n Paname\u00f1a de Derecho Mar\u00edtimo (APADEMAR) es una asociaci\u00f3n sin fines de lucro que agrupa, entre otros, a los profesionales del derecho que ejercen dentro del campo de derecho mar\u00edtimo.","breadcrumb":{"@id":"https:\/\/www.apademar.org\/en\/apademar-events\/#breadcrumb"},"inLanguage":"en-US","potentialAction":[{"@type":"ReadAction","target":["https:\/\/www.apademar.org\/en\/apademar-events\/"]}]},{"@type":"BreadcrumbList","@id":"https:\/\/www.apademar.org\/en\/apademar-events\/#breadcrumb","itemListElement":[{"@type":"ListItem","position":1,"name":"Portada","item":"https:\/\/apademar.org\/en\/"},{"@type":"ListItem","position":2,"name":"Events"}]},{"@type":"WebSite","@id":"\/#website","url":"\/","name":"Apademar","description":"","publisher":{"@id":"\/#organization"},"potentialAction":[{"@type":"SearchAction","target":{"@type":"EntryPoint","urlTemplate":"\/?s={search_term_string}"},"query-input":{"@type":"PropertyValueSpecification","valueRequired":true,"valueName":"search_term_string"}}],"inLanguage":"en-US"},{"@type":"Organization","@id":"\/#organization","name":"Apademar","url":"\/","logo":{"@type":"ImageObject","inLanguage":"en-US","@id":"\/#\/schema\/logo\/image\/","url":"http:\/\/apademar.org\/wp-content\/uploads\/2020\/05\/logo.png","contentUrl":"http:\/\/apademar.org\/wp-content\/uploads\/2020\/05\/logo.png","width":289,"height":263,"caption":"Apademar"},"image":{"@id":"\/#\/schema\/logo\/image\/"}}]}},"_links":{"self":[{"href":"https:\/\/www.apademar.org\/en\/wp-json\/wp\/v2\/pages\/2935","targetHints":{"allow":["GET"]}}],"collection":[{"href":"https:\/\/www.apademar.org\/en\/wp-json\/wp\/v2\/pages"}],"about":[{"href":"https:\/\/www.apademar.org\/en\/wp-json\/wp\/v2\/types\/page"}],"author":[{"embeddable":true,"href":"https:\/\/www.apademar.org\/en\/wp-json\/wp\/v2\/users\/1"}],"replies":[{"embeddable":true,"href":"https:\/\/www.apademar.org\/en\/wp-json\/wp\/v2\/comments?post=2935"}],"version-history":[{"count":0,"href":"https:\/\/www.apademar.org\/en\/wp-json\/wp\/v2\/pages\/2935\/revisions"}],"wp:attachment":[{"href":"https:\/\/www.apademar.org\/en\/wp-json\/wp\/v2\/media?parent=2935"}],"curies":[{"name":"wp","href":"https:\/\/api.w.org\/{rel}","templated":true}]}}