{"id":3270,"date":"2020-05-12T18:20:11","date_gmt":"2020-05-12T18:20:11","guid":{"rendered":"http:\/\/52.207.246.101\/?page_id=3270"},"modified":"2020-10-22T16:23:32","modified_gmt":"2020-10-22T16:23:32","slug":"about-us","status":"publish","type":"page","link":"https:\/\/www.apademar.org\/en\/about-us\/","title":{"rendered":"About Us"},"content":{"rendered":"<div class=\"wpb-content-wrapper\"><p>[vc_row css=&#8221;.vc_custom_1603383377386{padding-top: 60px !important;padding-bottom: 40px !important;}&#8221;][vc_column][vc_custom_heading text=&#8221;Panamanian Maritime Law Association&#8221; font_container=&#8221;tag:h1|text_align:left&#8221; use_theme_fonts=&#8221;yes&#8221; css=&#8221;.vc_custom_1589398369446{margin-bottom: 15px !important;}&#8221; el_class=&#8221;text-uppercase&#8221;][vc_column_text css=&#8221;.vc_custom_1589398164242{margin-top: 40px !important;}&#8221;]<\/p>\n<p style=\"text-align: justify;\">The Panamanian Maritime Law Association (APADEMAR for its name in Spanish) is a nonprofit association gathering inter alia, legal professionals practicing in the field of maritime law.<\/p>\n<p style=\"text-align: justify;\">As an active association we maintain constant participation in national affairs and have suggested the introduction of different rules that have become laws of the Republic of Panama, thus greatly contributing to the growth of the Panamanian Merchant Marine and the establishment of Panama as a World Forum for the arrest of ships.<\/p>\n<p>[\/vc_column_text][vc_column_text css=&#8221;.vc_custom_1589307770490{margin-bottom: 34px !important;}&#8221;]<\/p>\n<blockquote>\n<p>In addition to interacting with other associations, the Panamanian Maritime Law Association organizes, along with the Panama Maritime Chamber, every two years, the PANAMA MARITIME World Conference and Exhibition, in which different sectors of the maritime industry meet to discuss current issues of interest.<\/p>\n<\/blockquote>\n<p>[\/vc_column_text][vc_row_inner css=&#8221;.vc_custom_1603383184356{padding-top: 60px !important;padding-bottom: 40px !important;}&#8221;][vc_column_inner][vc_custom_heading text=&#8221;FORMER PRESIDENTS&#8221; font_container=&#8221;tag:h2|text_align:left|color:%23222222&#8243; use_theme_fonts=&#8221;yes&#8221; css=&#8221;.vc_custom_1589402014707{margin-bottom: 15px !important;}&#8221; el_class=&#8221;text-uppercase&#8221;][stm_staff_list category=&#8221;ex-presidentes&#8221; style=&#8221;carousel&#8221; count=&#8221;20&#8243; slides_to_show=&#8221;4&#8243;][\/vc_column_inner][\/vc_row_inner][\/vc_column][\/vc_row][vc_row css=&#8221;.vc_custom_1603383749071{padding-top: 60px !important;padding-bottom: 40px !important;}&#8221;][vc_column][vc_separator css=&#8221;.vc_custom_1603383554001{margin-top: 0px !important;margin-right: 0px !important;margin-bottom: 0px !important;margin-left: 0px !important;padding-top: 60px !important;padding-bottom: 40px !important;}&#8221;][\/vc_column][\/vc_row][vc_row css=&#8221;.vc_custom_1603383801176{margin-top: 60px !important;margin-bottom: 40px !important;padding-top: 60px !important;padding-bottom: 40px !important;}&#8221;][vc_column][vc_row_inner css=&#8221;.vc_custom_1603383811294{padding-top: 60px !important;padding-bottom: 40px !important;}&#8221;][vc_column_inner][vc_custom_heading text=&#8221;Board Directive&#8221; use_theme_fonts=&#8221;yes&#8221; css=&#8221;.vc_custom_1591715772190{margin-bottom: 15px !important;}&#8221; el_class=&#8221;special-title text-uppercase&#8221; subtitle=&#8221;2019-2020 period&#8221;][vc_single_image image=&#8221;3202&#8243; img_size=&#8221;full&#8221;][vc_column_text]<\/p>\n<p style=\"text-align: center;\"><strong>President<\/strong>\u00a0\u2013 Jazmina Rovi; \u00a0<strong>Vice president<\/strong>\u00a0\u2013 Pilar Castillo;\u00a0<strong>Secretary<\/strong>\u00a0\u2013 Ram\u00f3n Franco M.;\u00a0<strong>Sub-secretrary<\/strong>\u00a0\u2013 Joaqu\u00edn de Obarrio;\u00a0<strong>Treasurer<\/strong>\u00a0\u2013 Alexis V. Herrera Jr.;\u00a0<strong>Sub-treasurer<\/strong>\u00a0\u2013 Mar\u00eda Lourdes Gal\u00e1n;\u00a0<strong>Director<\/strong>\u00a0\u2013 Francisco Linares<\/p>\n<p>[\/vc_column_text][\/vc_column_inner][\/vc_row_inner][\/vc_column][\/vc_row][vc_row full_width=&#8221;stretch_row&#8221; video_bg=&#8221;yes&#8221; video_bg_url=&#8221;https:\/\/www.youtube.com\/watch?v=gPgMltxn-N4&#8243; video_bg_parallax=&#8221;content-moving&#8221; css=&#8221;.vc_custom_1462016314225{margin-bottom: 0px !important;padding-top: 97px !important;padding-bottom: 74px !important;background-position: center !important;background-repeat: no-repeat !important;background-size: cover !important;}&#8221; el_class=&#8221;overlay_4 fixed_bg&#8221;][vc_column][vc_custom_heading stripe_pos=&#8221;hide&#8221; text=&#8221;Affiliation process&#8221; font_container=&#8221;tag:h2|font_size:40px|text_align:center|color:%23ffffff|line_height:34px&#8221; use_theme_fonts=&#8221;yes&#8221; stripe_hide=&#8221;yes&#8221; subtitle_color=&#8221;#ffffff&#8221;][vc_empty_space height=&#8221;12px&#8221;][vc_column_text el_class=&#8221;banner_text_white_center&#8221;]To join <strong>APADEMAR<\/strong> you must fill out the following form and send it to <strong><a href=\"mailto:info@apademar.org\">info@apademar.org<\/a><\/strong>[\/vc_column_text][vc_btn title=&#8221;Download&#8221; shape=&#8221;square&#8221; color=&#8221;peacoc&#8221; size=&#8221;sm&#8221; align=&#8221;center&#8221; link=&#8221;url:%2Fwp-content%2Fuploads%2F2020%2F01%2FFORMULARIO-DE-REGISTRO-APADEMAR.doc|||&#8221;][vc_empty_space][\/vc_column][\/vc_row][vc_row full_width=&#8221;stretch_row&#8221; disable_element=&#8221;yes&#8221; css=&#8221;.vc_custom_1584545971118{padding-top: 61px !important;padding-bottom: 69px !important;background-color: #f2f2f2 !important;}&#8221;][vc_column][vc_custom_heading text=&#8221;Comisiones de trabajo&#8221; font_container=&#8221;tag:h2|text_align:center&#8221; use_theme_fonts=&#8221;yes&#8221; css=&#8221;.vc_custom_1579812579721{margin-bottom: 68px !important;}&#8221;][vc_row_inner css=&#8221;.vc_custom_1461325858760{margin-bottom: 48px !important;}&#8221;][vc_column_inner width=&#8221;1\/3&#8243;][stm_icon_box hide_title_line=&#8221;hide_title_line&#8221; enable_hexagon=&#8221;enable&#8221; enable_hexagon_animation=&#8221;enable&#8221; icon=&#8221;stm-home&#8221; style=&#8221;icon_left&#8221; icon_size=&#8221;22&#8243; icon_width=&#8221;78&#8243; title=&#8221;Arbitraje y Litigios Mar\u00edtimos&#8221;]We are a company that offers design and build services for you from initial sketches to the final construction.[\/stm_icon_box][\/vc_column_inner][vc_column_inner width=&#8221;1\/3&#8243;][stm_icon_box hide_title_line=&#8221;hide_title_line&#8221; enable_hexagon=&#8221;enable&#8221; enable_hexagon_animation=&#8221;enable&#8221; icon=&#8221;fa fa-ship&#8221; style=&#8221;icon_left&#8221; icon_size=&#8221;25&#8243; icon_width=&#8221;78&#8243; title=&#8221;Marina Mercante&#8221;]We are a company that offers design and build services for you from initial sketches to the final construction.[\/stm_icon_box][\/vc_column_inner][vc_column_inner width=&#8221;1\/3&#8243;][stm_icon_box hide_title_line=&#8221;hide_title_line&#8221; enable_hexagon=&#8221;enable&#8221; enable_hexagon_animation=&#8221;enable&#8221; icon=&#8221;stm-lisbon-like&#8221; style=&#8221;icon_left&#8221; icon_size=&#8221;21&#8243; icon_width=&#8221;78&#8243; title=&#8221;P\u00e1gina Web y Redes Sociales&#8221;]We are a company that offers design and build services for you from initial sketches to the final construction.[\/stm_icon_box][\/vc_column_inner][\/vc_row_inner][vc_row_inner][vc_column_inner width=&#8221;1\/3&#8243;][stm_icon_box hide_title_line=&#8221;hide_title_line&#8221; enable_hexagon=&#8221;enable&#8221; enable_hexagon_animation=&#8221;enable&#8221; icon=&#8221;stm-ship&#8221; style=&#8221;icon_left&#8221; icon_size=&#8221;25&#8243; icon_width=&#8221;78&#8243; title=&#8221;Panama Maritime&#8221;]We are a company that offers design and build services for you from initial sketches to the final construction.[\/stm_icon_box][\/vc_column_inner][vc_column_inner width=&#8221;1\/3&#8243;][stm_icon_box hide_title_line=&#8221;hide_title_line&#8221; enable_hexagon=&#8221;enable&#8221; enable_hexagon_animation=&#8221;enable&#8221; icon=&#8221;fa fa-anchor&#8221; style=&#8221;icon_left&#8221; icon_size=&#8221;25&#8243; icon_width=&#8221;78&#8243; title=&#8221;Pesca y Puertos&#8221;]We are a company that offers design and build services for you from initial sketches to the final construction.[\/stm_icon_box][\/vc_column_inner][vc_column_inner width=&#8221;1\/3&#8243;][\/vc_column_inner][\/vc_row_inner][vc_row_inner disable_element=&#8221;yes&#8221; css=&#8221;.vc_custom_1581707593058{margin-bottom: 48px !important;}&#8221;][vc_column_inner width=&#8221;1\/3&#8243;][stm_icon_box hide_title_line=&#8221;hide_title_line&#8221; enable_hexagon=&#8221;enable&#8221; enable_hexagon_animation=&#8221;enable&#8221; icon=&#8221;stm-airplane&#8221; style=&#8221;icon_left&#8221; icon_size=&#8221;15&#8243; icon_width=&#8221;78&#8243; title=&#8221;Comisi\u00f3n de Marina Mercante&#8221;]We are a company that offers design and build services for you from initial sketches to the final construction.[\/stm_icon_box][\/vc_column_inner][vc_column_inner width=&#8221;1\/3&#8243;][stm_icon_box hide_title_line=&#8221;hide_title_line&#8221; enable_hexagon=&#8221;enable&#8221; enable_hexagon_animation=&#8221;enable&#8221; icon=&#8221;stm-graph&#8221; style=&#8221;icon_left&#8221; icon_size=&#8221;22&#8243; icon_width=&#8221;78&#8243; title=&#8221;Comisi\u00f3n de Asuntos<br \/>\nLaborales Mar\u00edtimos&#8221;]We are a company that offers design and build services for you from initial sketches to the final construction.[\/stm_icon_box][\/vc_column_inner][vc_column_inner width=&#8221;1\/3&#8243;][stm_icon_box hide_title_line=&#8221;hide_title_line&#8221; enable_hexagon=&#8221;enable&#8221; enable_hexagon_animation=&#8221;enable&#8221; icon=&#8221;stm-cart&#8221; style=&#8221;icon_left&#8221; icon_size=&#8221;21&#8243; icon_width=&#8221;78&#8243; title=&#8221;Comisi\u00f3n de Arbitraje y<br \/>\nLitigio Mar\u00edtimo&#8221;]We are a company that offers design and build services for you from initial sketches to the final construction.[\/stm_icon_box][\/vc_column_inner][\/vc_row_inner][vc_row_inner disable_element=&#8221;yes&#8221;][vc_column_inner width=&#8221;1\/3&#8243;][stm_icon_box hide_title_line=&#8221;hide_title_line&#8221; enable_hexagon=&#8221;enable&#8221; enable_hexagon_animation=&#8221;enable&#8221; icon=&#8221;stm-home&#8221; style=&#8221;icon_left&#8221; icon_size=&#8221;22&#8243; icon_width=&#8221;78&#8243; title=&#8221;Comisi\u00f3n de Puertos, Concesiones<br \/>\ny Medio Ambiente&#8221;]We are a company that offers design and build services for you from initial sketches to the final construction.[\/stm_icon_box][\/vc_column_inner][vc_column_inner width=&#8221;1\/3&#8243;][stm_icon_box hide_title_line=&#8221;hide_title_line&#8221; enable_hexagon=&#8221;enable&#8221; enable_hexagon_animation=&#8221;enable&#8221; icon=&#8221;stm-lamp&#8221; style=&#8221;icon_left&#8221; icon_size=&#8221;26&#8243; icon_width=&#8221;78&#8243; title=&#8221;Comisi\u00f3n de Legislaci\u00f3n<br \/>\nMar\u00edtima y Asuntos Legales&#8221;]We are a company that offers design and build services for you from initial sketches to the final construction.[\/stm_icon_box][\/vc_column_inner][vc_column_inner width=&#8221;1\/3&#8243;][stm_icon_box hide_title_line=&#8221;hide_title_line&#8221; enable_hexagon=&#8221;enable&#8221; enable_hexagon_animation=&#8221;enable&#8221; icon=&#8221;stm-truck&#8221; style=&#8221;icon_left&#8221; icon_size=&#8221;19&#8243; icon_width=&#8221;78&#8243; title=&#8221;Comisi\u00f3n de Educaci\u00f3n&#8221;]We are a company that offers design and build services for you from initial sketches to the final construction.[\/stm_icon_box][\/vc_column_inner][\/vc_row_inner][\/vc_column][\/vc_row]<\/p>\n<\/div>","protected":false},"excerpt":{"rendered":"<p>[vc_row css=&#8221;.vc_custom_1603383377386{padding-top: 60px !important;padding-bottom: 40px !important;}&#8221;][vc_column][vc_custom_heading text=&#8221;Panamanian Maritime Law Association&#8221; font_container=&#8221;tag:h1|text_align:left&#8221; use_theme_fonts=&#8221;yes&#8221; css=&#8221;.vc_custom_1589398369446{margin-bottom: 15px !important;}&#8221; el_class=&#8221;text-uppercase&#8221;][vc_column_text css=&#8221;.vc_custom_1589398164242{margin-top: 40px !important;}&#8221;] The Panamanian Maritime Law Association (APADEMAR for its name in Spanish) is a nonprofit association gathering inter alia, legal professionals practicing in the field of maritime law. As an active association we maintain constant participation in<\/p>\n","protected":false},"author":1,"featured_media":0,"parent":0,"menu_order":0,"comment_status":"closed","ping_status":"closed","template":"","meta":{"footnotes":""},"class_list":["post-3270","page","type-page","status-publish","hentry"],"yoast_head":"<!-- This site is optimized with the Yoast SEO plugin v26.6 - https:\/\/yoast.com\/wordpress\/plugins\/seo\/ -->\n<title>About Us - Apademar<\/title>\n<meta name=\"description\" content=\"La Asociaci\u00f3n Paname\u00f1a de Derecho Mar\u00edtimo (APADEMAR) es una asociaci\u00f3n sin fines de lucro que agrupa, entre otros, a los profesionales del derecho que ejercen dentro del campo de derecho mar\u00edtimo.\" \/>\n<meta name=\"robots\" content=\"index, follow, max-snippet:-1, max-image-preview:large, max-video-preview:-1\" \/>\n<link rel=\"canonical\" href=\"https:\/\/apademar.org\/en\/about-us\/\" \/>\n<meta property=\"og:locale\" content=\"en_US\" \/>\n<meta property=\"og:type\" content=\"article\" \/>\n<meta property=\"og:title\" content=\"About Us - Apademar\" \/>\n<meta property=\"og:description\" content=\"La Asociaci\u00f3n Paname\u00f1a de Derecho Mar\u00edtimo (APADEMAR) es una asociaci\u00f3n sin fines de lucro que agrupa, entre otros, a los profesionales del derecho que ejercen dentro del campo de derecho mar\u00edtimo.\" \/>\n<meta property=\"og:url\" content=\"https:\/\/apademar.org\/en\/about-us\/\" \/>\n<meta property=\"og:site_name\" content=\"Apademar\" \/>\n<meta property=\"article:modified_time\" content=\"2020-10-22T16:23:32+00:00\" \/>\n<meta name=\"twitter:card\" content=\"summary_large_image\" \/>\n<meta name=\"twitter:label1\" content=\"Est. reading time\" \/>\n\t<meta name=\"twitter:data1\" content=\"7 minutes\" \/>\n<script type=\"application\/ld+json\" class=\"yoast-schema-graph\">{\"@context\":\"https:\/\/schema.org\",\"@graph\":[{\"@type\":\"WebPage\",\"@id\":\"https:\/\/apademar.org\/en\/about-us\/\",\"url\":\"https:\/\/apademar.org\/en\/about-us\/\",\"name\":\"About Us - Apademar\",\"isPartOf\":{\"@id\":\"\/#website\"},\"datePublished\":\"2020-05-12T18:20:11+00:00\",\"dateModified\":\"2020-10-22T16:23:32+00:00\",\"description\":\"La Asociaci\u00f3n Paname\u00f1a de Derecho Mar\u00edtimo (APADEMAR) es una asociaci\u00f3n sin fines de lucro que agrupa, entre otros, a los profesionales del derecho que ejercen dentro del campo de derecho mar\u00edtimo.\",\"breadcrumb\":{\"@id\":\"https:\/\/apademar.org\/en\/about-us\/#breadcrumb\"},\"inLanguage\":\"en-US\",\"potentialAction\":[{\"@type\":\"ReadAction\",\"target\":[\"https:\/\/apademar.org\/en\/about-us\/\"]}]},{\"@type\":\"BreadcrumbList\",\"@id\":\"https:\/\/apademar.org\/en\/about-us\/#breadcrumb\",\"itemListElement\":[{\"@type\":\"ListItem\",\"position\":1,\"name\":\"Portada\",\"item\":\"https:\/\/apademar.org\/en\/\"},{\"@type\":\"ListItem\",\"position\":2,\"name\":\"About Us\"}]},{\"@type\":\"WebSite\",\"@id\":\"\/#website\",\"url\":\"\/\",\"name\":\"Apademar\",\"description\":\"\",\"publisher\":{\"@id\":\"\/#organization\"},\"potentialAction\":[{\"@type\":\"SearchAction\",\"target\":{\"@type\":\"EntryPoint\",\"urlTemplate\":\"\/?s={search_term_string}\"},\"query-input\":{\"@type\":\"PropertyValueSpecification\",\"valueRequired\":true,\"valueName\":\"search_term_string\"}}],\"inLanguage\":\"en-US\"},{\"@type\":\"Organization\",\"@id\":\"\/#organization\",\"name\":\"Apademar\",\"url\":\"\/\",\"logo\":{\"@type\":\"ImageObject\",\"inLanguage\":\"en-US\",\"@id\":\"\/#\/schema\/logo\/image\/\",\"url\":\"http:\/\/apademar.org\/wp-content\/uploads\/2020\/05\/logo.png\",\"contentUrl\":\"http:\/\/apademar.org\/wp-content\/uploads\/2020\/05\/logo.png\",\"width\":289,\"height\":263,\"caption\":\"Apademar\"},\"image\":{\"@id\":\"\/#\/schema\/logo\/image\/\"}}]}<\/script>\n<!-- \/ Yoast SEO plugin. -->","yoast_head_json":{"title":"About Us - Apademar","description":"La Asociaci\u00f3n Paname\u00f1a de Derecho Mar\u00edtimo (APADEMAR) es una asociaci\u00f3n sin fines de lucro que agrupa, entre otros, a los profesionales del derecho que ejercen dentro del campo de derecho mar\u00edtimo.","robots":{"index":"index","follow":"follow","max-snippet":"max-snippet:-1","max-image-preview":"max-image-preview:large","max-video-preview":"max-video-preview:-1"},"canonical":"https:\/\/apademar.org\/en\/about-us\/","og_locale":"en_US","og_type":"article","og_title":"About Us - Apademar","og_description":"La Asociaci\u00f3n Paname\u00f1a de Derecho Mar\u00edtimo (APADEMAR) es una asociaci\u00f3n sin fines de lucro que agrupa, entre otros, a los profesionales del derecho que ejercen dentro del campo de derecho mar\u00edtimo.","og_url":"https:\/\/apademar.org\/en\/about-us\/","og_site_name":"Apademar","article_modified_time":"2020-10-22T16:23:32+00:00","twitter_card":"summary_large_image","twitter_misc":{"Est. reading time":"7 minutes"},"schema":{"@context":"https:\/\/schema.org","@graph":[{"@type":"WebPage","@id":"https:\/\/apademar.org\/en\/about-us\/","url":"https:\/\/apademar.org\/en\/about-us\/","name":"About Us - Apademar","isPartOf":{"@id":"\/#website"},"datePublished":"2020-05-12T18:20:11+00:00","dateModified":"2020-10-22T16:23:32+00:00","description":"La Asociaci\u00f3n Paname\u00f1a de Derecho Mar\u00edtimo (APADEMAR) es una asociaci\u00f3n sin fines de lucro que agrupa, entre otros, a los profesionales del derecho que ejercen dentro del campo de derecho mar\u00edtimo.","breadcrumb":{"@id":"https:\/\/apademar.org\/en\/about-us\/#breadcrumb"},"inLanguage":"en-US","potentialAction":[{"@type":"ReadAction","target":["https:\/\/apademar.org\/en\/about-us\/"]}]},{"@type":"BreadcrumbList","@id":"https:\/\/apademar.org\/en\/about-us\/#breadcrumb","itemListElement":[{"@type":"ListItem","position":1,"name":"Portada","item":"https:\/\/apademar.org\/en\/"},{"@type":"ListItem","position":2,"name":"About Us"}]},{"@type":"WebSite","@id":"\/#website","url":"\/","name":"Apademar","description":"","publisher":{"@id":"\/#organization"},"potentialAction":[{"@type":"SearchAction","target":{"@type":"EntryPoint","urlTemplate":"\/?s={search_term_string}"},"query-input":{"@type":"PropertyValueSpecification","valueRequired":true,"valueName":"search_term_string"}}],"inLanguage":"en-US"},{"@type":"Organization","@id":"\/#organization","name":"Apademar","url":"\/","logo":{"@type":"ImageObject","inLanguage":"en-US","@id":"\/#\/schema\/logo\/image\/","url":"http:\/\/apademar.org\/wp-content\/uploads\/2020\/05\/logo.png","contentUrl":"http:\/\/apademar.org\/wp-content\/uploads\/2020\/05\/logo.png","width":289,"height":263,"caption":"Apademar"},"image":{"@id":"\/#\/schema\/logo\/image\/"}}]}},"_links":{"self":[{"href":"https:\/\/www.apademar.org\/en\/wp-json\/wp\/v2\/pages\/3270","targetHints":{"allow":["GET"]}}],"collection":[{"href":"https:\/\/www.apademar.org\/en\/wp-json\/wp\/v2\/pages"}],"about":[{"href":"https:\/\/www.apademar.org\/en\/wp-json\/wp\/v2\/types\/page"}],"author":[{"embeddable":true,"href":"https:\/\/www.apademar.org\/en\/wp-json\/wp\/v2\/users\/1"}],"replies":[{"embeddable":true,"href":"https:\/\/www.apademar.org\/en\/wp-json\/wp\/v2\/comments?post=3270"}],"version-history":[{"count":0,"href":"https:\/\/www.apademar.org\/en\/wp-json\/wp\/v2\/pages\/3270\/revisions"}],"wp:attachment":[{"href":"https:\/\/www.apademar.org\/en\/wp-json\/wp\/v2\/media?parent=3270"}],"curies":[{"name":"wp","href":"https:\/\/api.w.org\/{rel}","templated":true}]}}